{"id":67,"date":"2021-01-13T09:54:22","date_gmt":"2021-01-13T09:54:22","guid":{"rendered":"http:\/\/vssitzendorf.ac.at\/?page_id=67"},"modified":"2021-10-31T12:59:30","modified_gmt":"2021-10-31T12:59:30","slug":"profil","status":"publish","type":"page","link":"https:\/\/vssitzendorf.ac.at\/?page_id=67","title":{"rendered":"Profil"},"content":{"rendered":"<h5>Leitbild<\/h5>\n<p data-ccp-props=\"{&quot;335551550&quot;:2,&quot;335551620&quot;:2,&quot;335559683&quot;:0,&quot;335559685&quot;:0,&quot;335559731&quot;:0,&quot;335559737&quot;:0,&quot;335562764&quot;:2,&quot;335562765&quot;:1,&quot;335562766&quot;:4,&quot;335562767&quot;:10,&quot;335562768&quot;:4,&quot;335562769&quot;:0}\"><span data-usefontface=\"false\" data-contrast=\"none\">INKLUSIVE SCHULE MIT BEGABUNGS- UND BEGABTENF\u00d6RDERUNG<\/span>\u200b<\/p>\n<p data-ccp-props=\"{&quot;335551550&quot;:1,&quot;335551620&quot;:1,&quot;335559683&quot;:0,&quot;335559685&quot;:0,&quot;335559731&quot;:0,&quot;335559737&quot;:0,&quot;335562764&quot;:2,&quot;335562765&quot;:1,&quot;335562766&quot;:4,&quot;335562767&quot;:10,&quot;335562768&quot;:4,&quot;335562769&quot;:0}\"><span data-usefontface=\"false\" data-contrast=\"none\">Unser oberstes Ziel ist es, die Kinder gut <\/span><b><span data-usefontface=\"false\" data-contrast=\"none\">auf das Leben vorzubereiten<\/span><\/b><span data-usefontface=\"false\" data-contrast=\"none\">. Wir wollen ihre <\/span><b><span data-usefontface=\"false\" data-contrast=\"none\">St\u00e4rken und ihre Kreativit\u00e4t f\u00f6rdern<\/span><\/b><span data-usefontface=\"false\" data-contrast=\"none\"> und sie zu selbstbewussten jungen Menschen <\/span><span data-usefontface=\"false\" data-contrast=\"none\">erziehen. Im Vordergrund stehen <\/span><b><span data-usefontface=\"false\" data-contrast=\"none\">Respekt<\/span><\/b><span data-usefontface=\"false\" data-contrast=\"none\"> und ein <\/span><b><span data-usefontface=\"false\" data-contrast=\"none\">wertsch\u00e4tzendes Miteinander. <\/span><\/b><span data-usefontface=\"false\" data-contrast=\"none\">Die <\/span><span data-usefontface=\"false\" data-contrast=\"none\">Vermittlung sozialer Kompetenzen wie <\/span><b><span data-usefontface=\"false\" data-contrast=\"none\">Menschlichkeit,<\/span><\/b> <b><span data-usefontface=\"false\" data-contrast=\"none\">R\u00fccksichtnahme<\/span><\/b><span data-usefontface=\"false\" data-contrast=\"none\"> und <\/span><b><span data-usefontface=\"false\" data-contrast=\"none\">Achtsamkeit gegen\u00fcber sich und anderen <\/span><\/b><span data-usefontface=\"false\" data-contrast=\"none\">ist uns wichtig.\u00a0\u00a0<\/span>\u200b<\/p>\n<p data-ccp-props=\"{&quot;335551550&quot;:1,&quot;335551620&quot;:1,&quot;335559683&quot;:0,&quot;335559685&quot;:0,&quot;335559731&quot;:0,&quot;335559737&quot;:0,&quot;335562764&quot;:2,&quot;335562765&quot;:1,&quot;335562766&quot;:4,&quot;335562767&quot;:10,&quot;335562768&quot;:4,&quot;335562769&quot;:0}\"><span data-usefontface=\"false\" data-contrast=\"none\">In einem <\/span><b><span data-usefontface=\"false\" data-contrast=\"none\">guten Lernklima <\/span><\/b><span data-usefontface=\"false\" data-contrast=\"none\">k\u00f6nnen<\/span> <span data-usefontface=\"false\" data-contrast=\"none\">Grundfertigkeiten, Wissen, Kompetenzen und <\/span><span data-usefontface=\"false\" data-contrast=\"none\">Lernstrategien erworben werden.<\/span><b><span data-usefontface=\"false\" data-contrast=\"none\"> Freude am Lernen <\/span><\/b><span data-usefontface=\"false\" data-contrast=\"none\">wird gemeinsam entdeckt und <\/span><span data-usefontface=\"false\" data-contrast=\"none\">gef\u00f6rdert. <\/span><b><span data-usefontface=\"false\" data-contrast=\"none\">Bewegung<\/span><\/b><span data-usefontface=\"false\" data-contrast=\"none\">, <\/span><b><span data-usefontface=\"false\" data-contrast=\"none\">Gesunde Ern\u00e4hrung <\/span><\/b><span data-usefontface=\"false\" data-contrast=\"none\">(Gesunde Schule), <\/span><b><span data-usefontface=\"false\" data-contrast=\"none\">Nachhaltigkeit<\/span><\/b> <span data-usefontface=\"false\" data-contrast=\"none\">(<\/span><span data-usefontface=\"false\" data-contrast=\"none\">Pilgrimgedanke<\/span><span data-usefontface=\"false\" data-contrast=\"none\">) und <\/span><b><span data-usefontface=\"false\" data-contrast=\"none\">Kommunikation<\/span><\/b><span data-usefontface=\"false\" data-contrast=\"none\"> bilden die Grundlage <\/span><span data-usefontface=\"false\" data-contrast=\"none\">allen Lernens.<\/span>\u200b<\/p>\n<h5>Wir bieten<\/h5>\n<ul>\n<li>Beaufsichtigung der Kinder ab 7:00 Uhr<\/li>\n<li>Nachmittagsbetreuung<\/li>\n<li>Interessens- und Begabungsf\u00f6rderung: Englisch, <span style=\"font-size: 0.95em;\">Kreatives Gestalten, <\/span><span style=\"font-size: 0.95em;\">Gesunde\u00a0 Ern\u00e4hrung, Natur erforschen, Medienkompetenz<\/span><span style=\"font-size: 0.95em;\"><br \/>\n<\/span><\/li>\n<li>Sprachheilunterricht<\/li>\n<li>Betreuung von Kindern mit Lese-Rechtschreibschw\u00e4che<\/li>\n<li>Betreuung durch den Beratungslehrer<\/li>\n<li>Lesef\u00f6rderung<\/li>\n<li>Schulbibliothek<\/li>\n<li>Lesenacht<\/li>\n<li>Konzert- und Theaterbesuche<\/li>\n<li>Lehrausg\u00e4nge und Exkursionen<\/li>\n<li>Projekttage<\/li>\n<li>Zus\u00e4tzliche Bewegungsangebote (Hopsi Hopper, Bewegte Klasse, Ugotchi, Bewegte Pause)<\/li>\n<li>Zahngesundheitserziehung (Apollonia)<\/li>\n<li>Klimab\u00fcndnisschule<\/li>\n<li>Sexualworkshop<\/li>\n<li>Verkehrssicherheitsaktion Hallo Auto<\/li>\n<li>Radfahrpr\u00fcfung<\/li>\n<li>Nahtstelle Kindergarten<\/li>\n<li>Schultaschentag f\u00fcr Schulanf\u00e4nger<\/li>\n<li>Zusammenarbeit mit Eltern<\/li>\n<\/ul>\n","protected":false},"excerpt":{"rendered":"<p>Leitbild INKLUSIVE SCHULE MIT BEGABUNGS- UND BEGABTENF\u00d6RDERUNG\u200b Unser oberstes Ziel ist es, die Kinder gut auf das Leben vorzubereiten. Wir wollen ihre St\u00e4rken und ihre Kreativit\u00e4t f\u00f6rdern und sie zu selbstbewussten jungen Menschen erziehen. Im Vordergrund stehen Respekt und ein wertsch\u00e4tzendes Miteinander. Die Vermittlung sozialer Kompetenzen wie Menschlichkeit, R\u00fccksichtnahme und<\/p>\n","protected":false},"author":2,"featured_media":0,"parent":0,"menu_order":0,"comment_status":"closed","ping_status":"closed","template":"","meta":{"footnotes":""},"class_list":["post-67","page","type-page","status-publish","hentry"],"_links":{"self":[{"href":"https:\/\/vssitzendorf.ac.at\/index.php?rest_route=\/wp\/v2\/pages\/67","targetHints":{"allow":["GET"]}}],"collection":[{"href":"https:\/\/vssitzendorf.ac.at\/index.php?rest_route=\/wp\/v2\/pages"}],"about":[{"href":"https:\/\/vssitzendorf.ac.at\/index.php?rest_route=\/wp\/v2\/types\/page"}],"author":[{"embeddable":true,"href":"https:\/\/vssitzendorf.ac.at\/index.php?rest_route=\/wp\/v2\/users\/2"}],"replies":[{"embeddable":true,"href":"https:\/\/vssitzendorf.ac.at\/index.php?rest_route=%2Fwp%2Fv2%2Fcomments&post=67"}],"version-history":[{"count":11,"href":"https:\/\/vssitzendorf.ac.at\/index.php?rest_route=\/wp\/v2\/pages\/67\/revisions"}],"predecessor-version":[{"id":277,"href":"https:\/\/vssitzendorf.ac.at\/index.php?rest_route=\/wp\/v2\/pages\/67\/revisions\/277"}],"wp:attachment":[{"href":"https:\/\/vssitzendorf.ac.at\/index.php?rest_route=%2Fwp%2Fv2%2Fmedia&parent=67"}],"curies":[{"name":"wp","href":"https:\/\/api.w.org\/{rel}","templated":true}]}}