{"id":107,"date":"2021-01-14T11:10:15","date_gmt":"2021-01-14T11:10:15","guid":{"rendered":"http:\/\/vssitzendorf.ac.at\/?page_id=107"},"modified":"2025-11-02T17:42:07","modified_gmt":"2025-11-02T17:42:07","slug":"aktuelle-infos","status":"publish","type":"page","link":"https:\/\/vssitzendorf.ac.at\/","title":{"rendered":"AKTUELLE INFOS"},"content":{"rendered":"<h4><strong>Wichtige Termine f\u00fcr das 1. Semester<\/strong><\/h4>\n<p>&nbsp;<\/p>\n<p>Weihnachtsferien: Mi.: 24. Dezember 2025 &#8211; Di.: 6. J\u00e4nner 2026<\/p>\n<p>Schulnachricht: Fr.: 30. J\u00e4nner 2026<\/p>\n<p>Semesterferien: Mo.: 2. Februar 2026 &#8211; Sa..: 7. Februar 2026<\/p>\n<p>&nbsp;<\/p>\n<h4><strong>Wichtige Termine f\u00fcr das 2. Semester<\/strong><\/h4>\n<p>&nbsp;<\/p>\n<p>Faschingsdienstag: 17. Februar 2026<\/p>\n<p>Osterferien: Sa.: 28. M\u00e4rz &#8211; Mo. 6. April 2026<\/p>\n<p>Schulautonom freier Tag: Fr.. 5. Juni 2026 (Tag nach Fronleichnam)<\/p>\n<p>Pfingstferien: Sa.: 23. Mai &#8211; Mo.: 25. Mai 2026<\/p>\n<p>Schulfest:<\/p>\n<p>Sommerferien: Mo.: 6. Juli &#8211; So.: 6. September 2026<\/p>\n<p>&nbsp;<\/p>\n<p>&nbsp;<\/p>\n<p>&nbsp;<\/p>\n<p>&nbsp;<\/p>\n<p>&nbsp;<\/p>\n","protected":false},"excerpt":{"rendered":"<p>Wichtige Termine f\u00fcr das 1. Semester &nbsp; Weihnachtsferien: Mi.: 24. Dezember 2025 &#8211; Di.: 6. J\u00e4nner 2026 Schulnachricht: Fr.: 30. J\u00e4nner 2026 Semesterferien: Mo.: 2. Februar 2026 &#8211; Sa..: 7. Februar 2026 &nbsp; Wichtige Termine f\u00fcr das 2. Semester &nbsp; Faschingsdienstag: 17. Februar 2026 Osterferien: Sa.: 28. M\u00e4rz &#8211; Mo.<\/p>\n","protected":false},"author":2,"featured_media":0,"parent":0,"menu_order":0,"comment_status":"closed","ping_status":"closed","template":"","meta":{"footnotes":""},"class_list":["post-107","page","type-page","status-publish","hentry"],"_links":{"self":[{"href":"https:\/\/vssitzendorf.ac.at\/index.php?rest_route=\/wp\/v2\/pages\/107","targetHints":{"allow":["GET"]}}],"collection":[{"href":"https:\/\/vssitzendorf.ac.at\/index.php?rest_route=\/wp\/v2\/pages"}],"about":[{"href":"https:\/\/vssitzendorf.ac.at\/index.php?rest_route=\/wp\/v2\/types\/page"}],"author":[{"embeddable":true,"href":"https:\/\/vssitzendorf.ac.at\/index.php?rest_route=\/wp\/v2\/users\/2"}],"replies":[{"embeddable":true,"href":"https:\/\/vssitzendorf.ac.at\/index.php?rest_route=%2Fwp%2Fv2%2Fcomments&post=107"}],"version-history":[{"count":40,"href":"https:\/\/vssitzendorf.ac.at\/index.php?rest_route=\/wp\/v2\/pages\/107\/revisions"}],"predecessor-version":[{"id":651,"href":"https:\/\/vssitzendorf.ac.at\/index.php?rest_route=\/wp\/v2\/pages\/107\/revisions\/651"}],"wp:attachment":[{"href":"https:\/\/vssitzendorf.ac.at\/index.php?rest_route=%2Fwp%2Fv2%2Fmedia&parent=107"}],"curies":[{"name":"wp","href":"https:\/\/api.w.org\/{rel}","templated":true}]}}